{"id":5355,"date":"2022-06-10T16:55:46","date_gmt":"2022-06-10T14:55:46","guid":{"rendered":"https:\/\/healthandyouth.hu\/?page_id=5355"},"modified":"2022-06-10T16:57:18","modified_gmt":"2022-06-10T14:57:18","slug":"koszonjuk-idopontfoglalasat","status":"publish","type":"page","link":"https:\/\/healthandyouth.hu\/en\/koszonjuk-idopontfoglalasat\/","title":{"rendered":"K\u00f6sz\u00f6nj\u00fck id\u0151pontfoglal\u00e1s\u00e1t!"},"content":{"rendered":"<div data-elementor-type=\"wp-page\" data-elementor-id=\"5355\" class=\"elementor elementor-5355\" data-elementor-post-type=\"page\">\n\t\t\t\t\t\t<section class=\"elementor-section elementor-top-section elementor-element elementor-element-20bc50a elementor-section-boxed elementor-section-height-default elementor-section-height-default\" data-id=\"20bc50a\" data-element_type=\"section\" data-e-type=\"section\">\n\t\t\t\t\t\t<div class=\"elementor-container elementor-column-gap-default\">\n\t\t\t\t\t<div class=\"elementor-column elementor-col-100 elementor-top-column elementor-element elementor-element-1943a95\" data-id=\"1943a95\" data-element_type=\"column\" data-e-type=\"column\">\n\t\t\t<div class=\"elementor-widget-wrap elementor-element-populated\">\n\t\t\t\t\t\t<div class=\"elementor-element elementor-element-79480a1 elementor-widget elementor-widget-text-editor\" data-id=\"79480a1\" data-element_type=\"widget\" data-e-type=\"widget\" data-widget_type=\"text-editor.default\">\n\t\t\t\t<div class=\"elementor-widget-container\">\n\t\t\t\t\t\t\t\t\t<p>Sikeresen r\u00f6gz\u00edtett\u00fck az id\u0151pontot.<\/p>\t\t\t\t\t\t\t\t<\/div>\n\t\t\t\t<\/div>\n\t\t\t\t\t<\/div>\n\t\t<\/div>\n\t\t\t\t\t<\/div>\n\t\t<\/section>\n\t\t\t\t<\/div>","protected":false},"excerpt":{"rendered":"<p>Sikeresen r\u00f6gz\u00edtett\u00fck az id\u0151pontot.<\/p>","protected":false},"author":2,"featured_media":0,"parent":0,"menu_order":0,"comment_status":"closed","ping_status":"closed","template":"","meta":{"footnotes":""},"class_list":["post-5355","page","type-page","status-publish","hentry"],"_links":{"self":[{"href":"https:\/\/healthandyouth.hu\/en\/wp-json\/wp\/v2\/pages\/5355","targetHints":{"allow":["GET"]}}],"collection":[{"href":"https:\/\/healthandyouth.hu\/en\/wp-json\/wp\/v2\/pages"}],"about":[{"href":"https:\/\/healthandyouth.hu\/en\/wp-json\/wp\/v2\/types\/page"}],"author":[{"embeddable":true,"href":"https:\/\/healthandyouth.hu\/en\/wp-json\/wp\/v2\/users\/2"}],"replies":[{"embeddable":true,"href":"https:\/\/healthandyouth.hu\/en\/wp-json\/wp\/v2\/comments?post=5355"}],"version-history":[{"count":0,"href":"https:\/\/healthandyouth.hu\/en\/wp-json\/wp\/v2\/pages\/5355\/revisions"}],"wp:attachment":[{"href":"https:\/\/healthandyouth.hu\/en\/wp-json\/wp\/v2\/media?parent=5355"}],"curies":[{"name":"wp","href":"https:\/\/api.w.org\/{rel}","templated":true}]}}