{"id":5584,"date":"2022-07-27T15:13:21","date_gmt":"2022-07-27T13:13:21","guid":{"rendered":"https:\/\/healthandyouth.hu\/?post_type=product&#038;p=5584"},"modified":"2026-01-05T09:30:11","modified_gmt":"2026-01-05T08:30:11","slug":"immunlife-a-szuperalga-180-db-kapszula","status":"publish","type":"product","link":"https:\/\/healthandyouth.hu\/de\/termek\/immunlife-a-szuperalga-180-db-kapszula\/","title":{"rendered":"ImmunLife a szuperalga  180 db kapszula"},"content":{"rendered":"<p><strong>Az ImmunLife algakever\u00e9k \u00f6sszetev\u0151it a leg\u00fajabb kutat\u00e1soknak \u00e9s a legmagasabb elv\u00e1r\u00e1soknak megfelel\u0151en v\u00e1logatt\u00e1k \u00f6ssze. C\u00e9lunk, hogy a mai modern ember term\u00e9szett\u0151l t\u00e1volod\u00f3 \u00e9letm\u00f3dja ellen\u00e9re megtapasztalhassa az eg\u00e9szs\u00e9ges, energikus, szellemileg friss, hossz\u00fa \u00e9letet!<\/strong><\/p>\n<h2><strong>WAS DIE F\u00dcR SIE TUN KANN?<\/strong><\/h2>\n<h3><strong>FELT\u00d6LT \u00c9S ENERGETIZ\u00c1L<\/strong><\/h3>\n<p>Az ImmunLife algakever\u00e9k\u00a0felt\u00f6lti a testet az optim\u00e1lis\u00a0m\u0171k\u00f6d\u00e9shez sz\u00fcks\u00e9ges mikrot\u00e1panyagokkal.<\/p>\n<h3><strong>T\u00c1MOGATJA A GY\u00d3GYUL\u00c1ST<\/strong><\/h3>\n<p>Az ImmunLife szuperalga\u00a0&#8220;sv\u00e9dasztalt&#8221; k\u00edn\u00e1l a testnek, seg\u00edti ezzel a helyre\u00e1ll\u00edt\u00e1si, gy\u00f3gyul\u00e1si folyamatokat, hogy hamarabb fel\u00e9p\u00fclj\u00fcnk betegs\u00e9geinkb\u0151l.<\/p>\n<h3><strong>SZ\u00c9PS\u00c9G, RAGYOG\u00c1S, VONZER\u0150<\/strong><\/h3>\n<p>Hozz\u00e1j\u00e1rul az eg\u00e9szs\u00e9ges szem, b\u0151r, k\u00f6rm\u00f6k, haj fenntart\u00e1s\u00e1hoz a sug\u00e1rz\u00f3 megjelen\u00e9shez.<\/p>\n<p>Az ImmunLife bio-n\u00f6v\u00e9nyi \u00f6sszetev\u0151i &#8220;bels\u0151 sz\u00e9ps\u00e9g&#8221; megsz\u00fclet\u00e9s\u00e9t teszik lehet\u0151v\u00e9 minden nap.<\/p>\n<h3><strong>HOZZ\u00c1J\u00c1RUL A FIATALOS LEND\u00dcLET, VITALIT\u00c1S MEGTART\u00c1S\u00c1HOZ<\/strong><\/h3>\n<p>A modern orvostudom\u00e1nynak k\u00f6sz\u00f6nhet\u0151en egyre hosszabb az \u00e9let, de a vitalit\u00e1s jelent\u0151sen cs\u00f6kken az \u00e9vek m\u00fal\u00e1s\u00e1val.\u00a0Az ImmunLife tiszta, pr\u00e9mium min\u0151s\u00e9g\u0171 vitaminokkal, \u00e1sv\u00e1nyi anyagokkal, enzimekkel \u00e9s nyomelemekkel t\u00e1mogatja a szervezetet.<\/p>","protected":false},"excerpt":{"rendered":"<p><strong>Az ImmunLife algakever\u00e9k \u00f6sszetev\u0151it a leg\u00fajabb kutat\u00e1soknak \u00e9s a legmagasabb elv\u00e1r\u00e1soknak megfelel\u0151en v\u00e1logatt\u00e1k \u00f6ssze. C\u00e9lunk, hogy a mai modern ember term\u00e9szett\u0151l t\u00e1volod\u00f3 \u00e9letm\u00f3dja ellen\u00e9re megtapasztalhassa az eg\u00e9szs\u00e9ges, energikus, szellemileg friss, hossz\u00fa \u00e9letet!<\/strong><\/p>","protected":false},"featured_media":5585,"comment_status":"open","ping_status":"closed","template":"","meta":[],"product_brand":[],"product_cat":[219],"product_tag":[],"class_list":{"0":"post-5584","1":"product","2":"type-product","3":"status-publish","4":"has-post-thumbnail","6":"product_cat-mikroalga","8":"first","9":"instock","10":"shipping-taxable","11":"purchasable","12":"product-type-simple"},"_links":{"self":[{"href":"https:\/\/healthandyouth.hu\/de\/wp-json\/wp\/v2\/product\/5584","targetHints":{"allow":["GET"]}}],"collection":[{"href":"https:\/\/healthandyouth.hu\/de\/wp-json\/wp\/v2\/product"}],"about":[{"href":"https:\/\/healthandyouth.hu\/de\/wp-json\/wp\/v2\/types\/product"}],"replies":[{"embeddable":true,"href":"https:\/\/healthandyouth.hu\/de\/wp-json\/wp\/v2\/comments?post=5584"}],"wp:featuredmedia":[{"embeddable":true,"href":"https:\/\/healthandyouth.hu\/de\/wp-json\/wp\/v2\/media\/5585"}],"wp:attachment":[{"href":"https:\/\/healthandyouth.hu\/de\/wp-json\/wp\/v2\/media?parent=5584"}],"wp:term":[{"taxonomy":"product_brand","embeddable":true,"href":"https:\/\/healthandyouth.hu\/de\/wp-json\/wp\/v2\/product_brand?post=5584"},{"taxonomy":"product_cat","embeddable":true,"href":"https:\/\/healthandyouth.hu\/de\/wp-json\/wp\/v2\/product_cat?post=5584"},{"taxonomy":"product_tag","embeddable":true,"href":"https:\/\/healthandyouth.hu\/de\/wp-json\/wp\/v2\/product_tag?post=5584"}],"curies":[{"name":"wp","href":"https:\/\/api.w.org\/{rel}","templated":true}]}}