{"id":2001,"date":"2021-07-13T13:42:25","date_gmt":"2021-07-13T11:42:25","guid":{"rendered":"https:\/\/healthandyouth.hu\/?post_type=product&#038;p=2001"},"modified":"2026-03-01T12:12:55","modified_gmt":"2026-03-01T11:12:55","slug":"belflora-vizsgalat-mikrobiom-szekvenalas-magyar-nyelvu-kiertekelessel-es-terapias-javaslattal","status":"publish","type":"product","link":"https:\/\/healthandyouth.hu\/de\/termek\/belflora-vizsgalat-mikrobiom-szekvenalas-magyar-nyelvu-kiertekelessel-es-terapias-javaslattal\/","title":{"rendered":"B\u00e9lfl\u00f3ra vizsg\u00e1lat"},"content":{"rendered":"<p><strong>Mi\u00e9rt fontos az eg\u00e9szs\u00e9ges b\u00e9lfl\u00f3ra?<\/strong><\/p>\n<p>Az emberi testen \u00e9s testben vel\u00fcnk \/rajtunk \u00e9l\u0151 bakt\u00e9riumokb\u00f3l, gomb\u00e1kb\u00f3l, v\u00edrusokb\u00f3l \u00e1ll\u00f3 k\u00f6z\u00f6ss\u00e9get h\u00edvjuk mikrobiomnak, amely nagyon szoros, k\u00e9tir\u00e1ny\u00fa kapcsolatban \u00e1ll az emberi szervezettel. Az em\u00e9szt\u0151rendszerben \u00e9l\u0151 mikrobi\u00e1lis k\u00f6z\u00f6ss\u00e9g alkotja a b\u00e9lfl\u00f3r\u00e1t, ennek a k\u00f6z\u00f6ss\u00e9gnek az els\u0151 kol\u00f3ni\u00e1i a term\u00e9szetes \u00faton t\u00f6rt\u00e9n\u0151 sz\u00fclet\u00e9ssel \u00e9s anyatejes t\u00e1pl\u00e1l\u00e1ssal ker\u00fclnek az \u00fajsz\u00fcl\u00f6tt em\u00e9szt\u0151traktus\u00e1ba. [4] A csecsem\u0151, kisgyermekkorban fokozatosan b\u0151v\u00fcl\u0151 \u00e9trenddel \u00e9s a form\u00e1l\u00f3dik, alakul ki ez egy\u00e9nre jellemz\u0151 mint\u00e1zat. A cs\u00e1sz\u00e1rmetsz\u00e9ssel vil\u00e1gra j\u00f6tt \u00fajsz\u00fcl\u00f6ttekn\u00e9l ez az els\u0151 koloniz\u00e1ci\u00f3 s\u00e9r\u00fcl, amit csak tov\u00e1bb ront a t\u00e1pszeres t\u00e1pl\u00e1l\u00e1s.<\/p>\n<p>Az eg\u00e9szs\u00e9ges b\u00e9lfl\u00f3ra k\u00e9pes megakad\u00e1lyozni a betegs\u00e9get okoz\u00f3, patog\u00e9n k\u00f3rokoz\u00f3k megteleped\u00e9s\u00e9t, elszaporod\u00e1s\u00e1t. A hasznos mikr\u00f3b\u00e1k k\u00e9pesek lebontani az \u00e9telekb\u0151l sz\u00e1rmaz\u00f3 em\u00e9szthetetlen sz\u00e9nhidr\u00e1t rostokat, amelyekb\u0151l a rendk\u00edv\u00fcl fontos, r\u00f6vid sz\u00e9nl\u00e1nc\u00fa zs\u00edrsavak k\u00e9pz\u0151dnek a vastagb\u00e9lben. Ezek a zs\u00edrsavak (acet\u00e1t, propion\u00e1t, butir\u00e1t) ugyanis cs\u00f6kkentik a gyullad\u00e1st, daganatellenes hat\u00e1suk van, hozz\u00e1j\u00e1rulnak a b\u00e9lh\u00e1msejtek integrit\u00e1s\u00e1nak meg\u0151rz\u00e9s\u00e9hez, a ny\u00e1lka r\u00e9teg meg\u00faj\u00edt\u00e1s\u00e1hoz. Fontos szerep\u00fck van a b\u00e9l-agytengely, idegsejtek regener\u00e1ci\u00f3j\u00e1ban, a v\u00e9rnyom\u00e1s szab\u00e1lyoz\u00e1s\u00e1ban, kedvez\u0151en befoly\u00e1solj\u00e1k a tartal\u00e9k t\u00e1panyag k\u00e9pz\u00e9st (lipogenezis) \u00e9s cs\u00f6kkentik az inzulin rezisztenci\u00e1t. [1] [2] [3]<\/p>\n<p>&nbsp;<\/p>\n<p><strong>A vizsg\u00e1latr\u00f3l: <\/strong><\/p>\n<p>A bakt\u00e9riumok meghat\u00e1roz\u00e1sa, szekven\u00e1l\u00e1ssal, genetikai \u00e1llom\u00e1nyuk, azaz DNS meghat\u00e1roz\u00e1s alapj\u00e1n t\u00f6rt\u00e9nik, mely nem egyenl\u0151 a szok\u00e1sos mikrobiol\u00f3giai teny\u00e9szt\u00e9ssel. A mintav\u00e9teli egys\u00e9gcsomagban tal\u00e1lhat\u00f3 \u00fatmutat\u00f3 alapj\u00e1n kell a mint\u00e1t a vizsg\u00e1latra levenni, , majd a mint\u00e1t az el\u0151k\u00e9sz\u00edtett bor\u00edt\u00e9kban Szegedre a Delta-Bio 2000 Kft. laborat\u00f3rium\u00e1ba elk\u00fcldeni. A minta nem \u00e9rz\u00e9keny a h\u0151re, eg\u00e9sz \u00e9vben ig\u00e9nybe vehet\u0151 a szolg\u00e1ltat\u00e1s. A laborat\u00f3rium a mint\u00e1kat \u00e1tlagosan 14 nap alatt dolgozza fel \u00e9s elektronikus \u00faton k\u00fcldi meg az eredm\u00e9nyeket.<\/p>\n<p>&nbsp;<\/p>\n<p><strong>Az al\u00e1bbi esetekben \u00e9rdemes a vizsg\u00e1lat elv\u00e9gz\u00e9se:<\/strong><\/p>\n<ul>\n<li>elh\u00faz\u00f3d\u00f3 haspuffad\u00e1s, fokozott b\u00e9lg\u00e1zk\u00e9pz\u0151d\u00e9s<\/li>\n<li>hasmen\u00e9s, sz\u00e9kreked\u00e9s<\/li>\n<li>telts\u00e9g\u00e9rzet, hasi f\u00e1jdalom<\/li>\n<li>t\u00fcssz\u00f6g\u00e9s, k\u00f6h\u00f6g\u00e9s, n\u00e1tha, asztm\u00e1s t\u00fcnetek,<\/li>\n<li>visszat\u00e9r\u0151 l\u00e9g\u00fati infekci\u00f3k,<\/li>\n<li>antibiotikus kezel\u00e9st k\u00f6vet\u0151 elh\u00faz\u00f3d\u00f3 hasmen\u00e9s, diszpepszia<\/li>\n<li>\u00e9tkez\u00e9st k\u00f6vet\u0151, viszket\u00e9s, b\u0151rki\u00fct\u00e9sek,<\/li>\n<li>indokolatlan f\u00e1radts\u00e1g, leverts\u00e9g,<\/li>\n<li>hirtelen tests\u00falygyarapod\u00e1s<\/li>\n<li>rossz hangulat, depresszi\u00f3, \u00e1lmatlans\u00e1g<\/li>\n<\/ul>\n<p><strong>Forr\u00e1sok:<\/strong><\/p>\n<p>[1] The Role of Short-Chain Fatty Acids in Health and Disease; Tan et al. 2014<\/p>\n<p>[2] The Role of Short-Chain Fatty Acids From Gut Microbiota in Gut-Brain Communication; Silva et al. 2020<\/p>\n<p>[3] Role of Gut Microbiota-Generated Short-Chain Fatty Acids in Metabolic and Cardiovascular Health; Chamberset al. 2018<\/p>\n<p>[4] https:\/\/www.ncbi.nlm.nih.gov\/pmc\/articles\/PMC3417542\/pdf\/fcimb-02-00104.pdf<\/p>\n","protected":false},"excerpt":{"rendered":"<p>Mikrobiom szekven\u00e1l\u00e1s magyar nyelv\u0171 ki\u00e9rt\u00e9kel\u00e9ssel \u00e9s ter\u00e1pi\u00e1s javaslattal.<\/p>\n<p>M\u00e1rcius 1-\u00e9t\u0151l a szolg\u00e1ltat\u00e1s d\u00edja 207000 Ft-ra v\u00e1ltozik.<\/p>","protected":false},"featured_media":2763,"comment_status":"open","ping_status":"closed","template":"","meta":[],"product_brand":[],"product_cat":[66],"product_tag":[],"class_list":{"0":"post-2001","1":"product","2":"type-product","3":"status-publish","4":"has-post-thumbnail","6":"product_cat-diagnosztikai-vizsgalat","8":"first","9":"instock","10":"shipping-taxable","11":"purchasable","12":"product-type-simple"},"_links":{"self":[{"href":"https:\/\/healthandyouth.hu\/de\/wp-json\/wp\/v2\/product\/2001","targetHints":{"allow":["GET"]}}],"collection":[{"href":"https:\/\/healthandyouth.hu\/de\/wp-json\/wp\/v2\/product"}],"about":[{"href":"https:\/\/healthandyouth.hu\/de\/wp-json\/wp\/v2\/types\/product"}],"replies":[{"embeddable":true,"href":"https:\/\/healthandyouth.hu\/de\/wp-json\/wp\/v2\/comments?post=2001"}],"wp:featuredmedia":[{"embeddable":true,"href":"https:\/\/healthandyouth.hu\/de\/wp-json\/wp\/v2\/media\/2763"}],"wp:attachment":[{"href":"https:\/\/healthandyouth.hu\/de\/wp-json\/wp\/v2\/media?parent=2001"}],"wp:term":[{"taxonomy":"product_brand","embeddable":true,"href":"https:\/\/healthandyouth.hu\/de\/wp-json\/wp\/v2\/product_brand?post=2001"},{"taxonomy":"product_cat","embeddable":true,"href":"https:\/\/healthandyouth.hu\/de\/wp-json\/wp\/v2\/product_cat?post=2001"},{"taxonomy":"product_tag","embeddable":true,"href":"https:\/\/healthandyouth.hu\/de\/wp-json\/wp\/v2\/product_tag?post=2001"}],"curies":[{"name":"wp","href":"https:\/\/api.w.org\/{rel}","templated":true}]}}