{"id":7309,"date":"2025-12-18T09:13:11","date_gmt":"2025-12-18T08:13:11","guid":{"rendered":"https:\/\/healthandyouth.hu\/?page_id=7309"},"modified":"2025-12-18T12:33:50","modified_gmt":"2025-12-18T11:33:50","slug":"greenpro-cbd","status":"publish","type":"page","link":"https:\/\/healthandyouth.hu\/de\/greenpro-cbd\/","title":{"rendered":"GreenPro CBD"},"content":{"rendered":"<div data-elementor-type=\"wp-page\" data-elementor-id=\"7309\" class=\"elementor elementor-7309\" data-elementor-post-type=\"page\">\n\t\t\t\t\t\t<section class=\"elementor-section elementor-top-section elementor-element elementor-element-61aa6e4 elementor-section-boxed elementor-section-height-default elementor-section-height-default\" data-id=\"61aa6e4\" data-element_type=\"section\" data-e-type=\"section\" data-settings=\"{&quot;background_background&quot;:&quot;classic&quot;}\">\n\t\t\t\t\t\t<div class=\"elementor-container elementor-column-gap-default\">\n\t\t\t\t\t<div class=\"elementor-column elementor-col-100 elementor-top-column elementor-element elementor-element-03fd823\" data-id=\"03fd823\" data-element_type=\"column\" data-e-type=\"column\">\n\t\t\t<div class=\"elementor-widget-wrap elementor-element-populated\">\n\t\t\t\t\t\t<div class=\"elementor-element elementor-element-1062161 elementor-widget elementor-widget-heading\" data-id=\"1062161\" data-element_type=\"widget\" data-e-type=\"widget\" data-widget_type=\"heading.default\">\n\t\t\t\t<div class=\"elementor-widget-container\">\n\t\t\t\t\t<h1 class=\"elementor-heading-title elementor-size-default\">GreenPro CBD \u2013 C\u00e9lzott megold\u00e1sok term\u00e9szetesen\n<\/h1>\t\t\t\t<\/div>\n\t\t\t\t<\/div>\n\t\t\t\t<div class=\"elementor-element elementor-element-3e3a783 elementor-widget elementor-widget-image\" data-id=\"3e3a783\" data-element_type=\"widget\" data-e-type=\"widget\" data-widget_type=\"image.default\">\n\t\t\t\t<div class=\"elementor-widget-container\">\n\t\t\t\t\t\t\t\t\t\t\t\t\t\t\t<img fetchpriority=\"high\" decoding=\"async\" width=\"800\" height=\"202\" src=\"https:\/\/healthandyouth.hu\/wp-content\/uploads\/2025\/12\/green_pro_cbd_termekek.png\" class=\"attachment-large size-large wp-image-7312\" alt=\"green pro cbd term\u00e9kek\" srcset=\"https:\/\/healthandyouth.hu\/wp-content\/uploads\/2025\/12\/green_pro_cbd_termekek.png 851w, https:\/\/healthandyouth.hu\/wp-content\/uploads\/2025\/12\/green_pro_cbd_termekek-300x76.png 300w, https:\/\/healthandyouth.hu\/wp-content\/uploads\/2025\/12\/green_pro_cbd_termekek-768x194.png 768w, https:\/\/healthandyouth.hu\/wp-content\/uploads\/2025\/12\/green_pro_cbd_termekek-18x5.png 18w, https:\/\/healthandyouth.hu\/wp-content\/uploads\/2025\/12\/green_pro_cbd_termekek-600x152.png 600w\" sizes=\"(max-width: 800px) 100vw, 800px\" \/>\t\t\t\t\t\t\t\t\t\t\t\t\t\t\t<\/div>\n\t\t\t\t<\/div>\n\t\t\t\t<div class=\"elementor-element elementor-element-94878fc elementor-widget elementor-widget-text-editor\" data-id=\"94878fc\" data-element_type=\"widget\" data-e-type=\"widget\" data-widget_type=\"text-editor.default\">\n\t\t\t\t<div class=\"elementor-widget-container\">\n\t\t\t\t\t\t\t\t\t<p>A GreenPro CBD olajai, \u00e9s speci\u00e1lis olajkever\u00e9kei kifejezetten egy-egy probl\u00e9ma enyh\u00edt\u00e9s\u00e9re lettek kifejlesztve, tudom\u00e1nyos alaposs\u00e1ggal. Legyen sz\u00f3 alv\u00e1szavarr\u00f3l, kr\u00f3nikus stresszr\u0151l, \u00edz\u00fcleti f\u00e1jdalmakr\u00f3l vagy \u00e1ltal\u00e1nos gyullad\u00e1scs\u00f6kkent\u00e9sr\u0151l, minden term\u00e9k\u00fcnk olyan n\u00f6v\u00e9nyi hat\u00f3anyagokat tartalmaz, amelyek egym\u00e1st er\u0151s\u00edtve t\u00e1mogatj\u00e1k a szervezet \u00f6ngy\u00f3gy\u00edt\u00f3 folyamatait.<\/p>\t\t\t\t\t\t\t\t<\/div>\n\t\t\t\t<\/div>\n\t\t\t\t<div class=\"elementor-element elementor-element-b8fb85e elementor-widget elementor-widget-text-editor\" data-id=\"b8fb85e\" data-element_type=\"widget\" data-e-type=\"widget\" data-widget_type=\"text-editor.default\">\n\t\t\t\t<div class=\"elementor-widget-container\">\n\t\t\t\t\t\t\t\t\t<p>Klinikailag tesztelt \u00f6sszetev\u0151k, pontos hat\u00f3anyag-tartalom, labor\u00e1lt, vegyszermentes kivonatok \u2013 ez a GreenPro min\u0151s\u00e9g.<\/p>\t\t\t\t\t\t\t\t<\/div>\n\t\t\t\t<\/div>\n\t\t\t\t<div class=\"elementor-element elementor-element-eae79f1 elementor-widget elementor-widget-heading\" data-id=\"eae79f1\" data-element_type=\"widget\" data-e-type=\"widget\" data-widget_type=\"heading.default\">\n\t\t\t\t<div class=\"elementor-widget-container\">\n\t\t\t\t\t<h2 class=\"elementor-heading-title elementor-size-default\">K\u00fcl\u00f6nleges aj\u00e1nlat:<\/h2>\t\t\t\t<\/div>\n\t\t\t\t<\/div>\n\t\t\t\t<div class=\"elementor-element elementor-element-e221620 elementor-widget elementor-widget-text-editor\" data-id=\"e221620\" data-element_type=\"widget\" data-e-type=\"widget\" data-widget_type=\"text-editor.default\">\n\t\t\t\t<div class=\"elementor-widget-container\">\n\t\t\t\t\t\t\t\t\tK\u00fcl\u00f6nleges aj\u00e1nlat: A Health and Youth v\u00e1s\u00e1rl\u00f3i 20% kedvezm\u00e9nyt kapnak a www.greenprocbd.com oldalon a <span style=\"display: innline-block; padding: 4px 6px; background: #ffffff; color: #d4006c; border-radius: 4px; margin: auto 5px; font-weight: bold;\">HY<\/span> kuponk\u00f3d haszn\u00e1lat\u00e1val.\n<h3 style=\"color:#ffffff\">Term\u00e9szetes megold\u00e1s \u2013 \u00e9rthet\u0151en, c\u00e9lzottan, hat\u00e9konyan.<\/h3>\t\t\t\t\t\t\t\t<\/div>\n\t\t\t\t<\/div>\n\t\t\t\t<div class=\"elementor-element elementor-element-3ee42d7 elementor-align-center elementor-widget elementor-widget-button\" data-id=\"3ee42d7\" data-element_type=\"widget\" data-e-type=\"widget\" data-widget_type=\"button.default\">\n\t\t\t\t<div class=\"elementor-widget-container\">\n\t\t\t\t\t\t\t\t\t<div class=\"elementor-button-wrapper\">\n\t\t\t\t\t<a class=\"elementor-button elementor-button-link elementor-size-sm\" href=\"http:\/\/www.greenprocbd.com\/\">\n\t\t\t\t\t\t<span class=\"elementor-button-content-wrapper\">\n\t\t\t\t\t\t\t\t\t<span class=\"elementor-button-text\">megn\u00e9zem a term\u00e9keket<\/span>\n\t\t\t\t\t<\/span>\n\t\t\t\t\t<\/a>\n\t\t\t\t<\/div>\n\t\t\t\t\t\t\t\t<\/div>\n\t\t\t\t<\/div>\n\t\t\t\t\t<\/div>\n\t\t<\/div>\n\t\t\t\t\t<\/div>\n\t\t<\/section>\n\t\t\t\t<\/div>","protected":false},"excerpt":{"rendered":"<p>GreenPro CBD \u2013 C\u00e9lzott megold\u00e1sok term\u00e9szetesen A GreenPro CBD olajai, \u00e9s speci\u00e1lis olajkever\u00e9kei kifejezetten egy-egy probl\u00e9ma enyh\u00edt\u00e9s\u00e9re lettek kifejlesztve, tudom\u00e1nyos alaposs\u00e1ggal. Legyen sz\u00f3 alv\u00e1szavarr\u00f3l, kr\u00f3nikus stresszr\u0151l, \u00edz\u00fcleti f\u00e1jdalmakr\u00f3l vagy \u00e1ltal\u00e1nos gyullad\u00e1scs\u00f6kkent\u00e9sr\u0151l, minden term\u00e9k\u00fcnk olyan n\u00f6v\u00e9nyi hat\u00f3anyagokat tartalmaz, amelyek egym\u00e1st er\u0151s\u00edtve t\u00e1mogatj\u00e1k a szervezet \u00f6ngy\u00f3gy\u00edt\u00f3 folyamatait. Klinikailag tesztelt \u00f6sszetev\u0151k, pontos hat\u00f3anyag-tartalom, labor\u00e1lt, vegyszermentes kivonatok \u2013 ez [&hellip;]<\/p>\n","protected":false},"author":2,"featured_media":0,"parent":0,"menu_order":0,"comment_status":"closed","ping_status":"closed","template":"","meta":{"footnotes":""},"class_list":["post-7309","page","type-page","status-publish","hentry"],"_links":{"self":[{"href":"https:\/\/healthandyouth.hu\/de\/wp-json\/wp\/v2\/pages\/7309","targetHints":{"allow":["GET"]}}],"collection":[{"href":"https:\/\/healthandyouth.hu\/de\/wp-json\/wp\/v2\/pages"}],"about":[{"href":"https:\/\/healthandyouth.hu\/de\/wp-json\/wp\/v2\/types\/page"}],"author":[{"embeddable":true,"href":"https:\/\/healthandyouth.hu\/de\/wp-json\/wp\/v2\/users\/2"}],"replies":[{"embeddable":true,"href":"https:\/\/healthandyouth.hu\/de\/wp-json\/wp\/v2\/comments?post=7309"}],"version-history":[{"count":0,"href":"https:\/\/healthandyouth.hu\/de\/wp-json\/wp\/v2\/pages\/7309\/revisions"}],"wp:attachment":[{"href":"https:\/\/healthandyouth.hu\/de\/wp-json\/wp\/v2\/media?parent=7309"}],"curies":[{"name":"wp","href":"https:\/\/api.w.org\/{rel}","templated":true}]}}