{"id":30,"date":"2021-11-29T04:36:50","date_gmt":"2021-11-29T03:36:50","guid":{"rendered":"https:\/\/healthandyouth.hu\/kosar\/"},"modified":"2022-01-14T12:08:15","modified_gmt":"2022-01-14T11:08:15","slug":"kosar","status":"publish","type":"page","link":"https:\/\/healthandyouth.hu\/de\/kosar\/","title":{"rendered":"Kos\u00e1r"},"content":{"rendered":"\t\t<div data-elementor-type=\"wp-page\" data-elementor-id=\"30\" class=\"elementor elementor-30\" data-elementor-post-type=\"page\">\n\t\t\t\t\t\t<section class=\"elementor-section elementor-top-section elementor-element elementor-element-4b21e0ae elementor-section-boxed elementor-section-height-default elementor-section-height-default\" data-id=\"4b21e0ae\" data-element_type=\"section\" data-e-type=\"section\" data-settings=\"{&quot;background_background&quot;:&quot;classic&quot;}\">\n\t\t\t\t\t\t<div class=\"elementor-container elementor-column-gap-default\">\n\t\t\t\t\t<div class=\"elementor-column elementor-col-100 elementor-top-column elementor-element elementor-element-7a685b7d\" data-id=\"7a685b7d\" data-element_type=\"column\" data-e-type=\"column\">\n\t\t\t<div class=\"elementor-widget-wrap elementor-element-populated\">\n\t\t\t\t\t\t<div class=\"elementor-element elementor-element-bfb85ce elementor-widget elementor-widget-heading\" data-id=\"bfb85ce\" data-element_type=\"widget\" data-e-type=\"widget\" data-widget_type=\"heading.default\">\n\t\t\t\t<div class=\"elementor-widget-container\">\n\t\t\t\t\t<h1 class=\"elementor-heading-title elementor-size-default\">Kos\u00e1r<\/h1>\t\t\t\t<\/div>\n\t\t\t\t<\/div>\n\t\t\t\t<div class=\"elementor-element elementor-element-63e9e449 elementor-widget elementor-widget-text-editor\" data-id=\"63e9e449\" data-element_type=\"widget\" data-e-type=\"widget\" data-widget_type=\"text-editor.default\">\n\t\t\t\t<div class=\"elementor-widget-container\">\n\t\t\t\t\t\t\t\t\t\t\t\t\t\t\t\t\t<\/div>\n\t\t\t\t<\/div>\n\t\t\t\t\t<\/div>\n\t\t<\/div>\n\t\t\t\t\t<\/div>\n\t\t<\/section>\n\t\t\t\t<section class=\"elementor-section elementor-top-section elementor-element elementor-element-0aae1ed elementor-section-full_width elementor-section-height-min-height elementor-section-height-default elementor-section-items-middle\" data-id=\"0aae1ed\" data-element_type=\"section\" data-e-type=\"section\" data-settings=\"{&quot;background_background&quot;:&quot;classic&quot;}\">\n\t\t\t\t\t\t<div class=\"elementor-container elementor-column-gap-default\">\n\t\t\t\t\t<div class=\"elementor-column elementor-col-100 elementor-top-column elementor-element elementor-element-4aca2f4\" data-id=\"4aca2f4\" data-element_type=\"column\" data-e-type=\"column\">\n\t\t\t<div class=\"elementor-widget-wrap elementor-element-populated\">\n\t\t\t\t\t\t<div class=\"elementor-element elementor-element-48c8ae1 elementor-widget elementor-widget-jet-listing-grid\" data-id=\"48c8ae1\" data-element_type=\"widget\" data-e-type=\"widget\" data-settings=\"{&quot;columns&quot;:&quot;1&quot;}\" data-widget_type=\"jet-listing-grid.default\">\n\t\t\t\t<div class=\"elementor-widget-container\">\n\t\t\t\t\t<div class=\"jet-listing-grid jet-listing\"><div class=\"jet-listing-grid__items grid-col-desk-1 grid-col-tablet-1 grid-col-mobile-1 jet-listing-grid--925 woocommerce\" data-queried-id=\"30|WP_Post\" data-nav=\"{&quot;enabled&quot;:false,&quot;type&quot;:null,&quot;more_el&quot;:null,&quot;query&quot;:[],&quot;widget_settings&quot;:{&quot;lisitng_id&quot;:925,&quot;posts_num&quot;:1,&quot;columns&quot;:1,&quot;columns_tablet&quot;:1,&quot;columns_mobile&quot;:1,&quot;column_min_width&quot;:240,&quot;column_min_width_tablet&quot;:240,&quot;column_min_width_mobile&quot;:240,&quot;inline_columns_css&quot;:false,&quot;is_archive_template&quot;:&quot;&quot;,&quot;post_status&quot;:[&quot;publish&quot;],&quot;use_random_posts_num&quot;:&quot;&quot;,&quot;max_posts_num&quot;:9,&quot;not_found_message&quot;:&quot;No data was found&quot;,&quot;is_masonry&quot;:false,&quot;equal_columns_height&quot;:&quot;&quot;,&quot;use_load_more&quot;:&quot;&quot;,&quot;load_more_id&quot;:&quot;&quot;,&quot;load_more_type&quot;:&quot;click&quot;,&quot;load_more_offset&quot;:{&quot;unit&quot;:&quot;px&quot;,&quot;size&quot;:0,&quot;sizes&quot;:[]},&quot;use_custom_post_types&quot;:&quot;&quot;,&quot;custom_post_types&quot;:[],&quot;hide_widget_if&quot;:&quot;&quot;,&quot;carousel_enabled&quot;:&quot;&quot;,&quot;slides_to_scroll&quot;:&quot;1&quot;,&quot;arrows&quot;:&quot;true&quot;,&quot;arrow_icon&quot;:&quot;fa fa-angle-left&quot;,&quot;dots&quot;:&quot;&quot;,&quot;autoplay&quot;:&quot;true&quot;,&quot;pause_on_hover&quot;:&quot;true&quot;,&quot;autoplay_speed&quot;:5000,&quot;infinite&quot;:&quot;true&quot;,&quot;center_mode&quot;:&quot;&quot;,&quot;effect&quot;:&quot;slide&quot;,&quot;speed&quot;:500,&quot;inject_alternative_items&quot;:&quot;&quot;,&quot;injection_items&quot;:[],&quot;scroll_slider_enabled&quot;:&quot;&quot;,&quot;scroll_slider_on&quot;:[&quot;desktop&quot;,&quot;tablet&quot;,&quot;mobile&quot;],&quot;custom_query&quot;:false,&quot;custom_query_id&quot;:&quot;&quot;,&quot;_element_id&quot;:&quot;&quot;,&quot;collapse_first_last_gap&quot;:false,&quot;list_tag_selection&quot;:&quot;&quot;,&quot;list_items_wrapper_tag&quot;:&quot;div&quot;,&quot;list_item_tag&quot;:&quot;div&quot;,&quot;empty_items_wrapper_tag&quot;:&quot;div&quot;}}\" data-page=\"1\" data-pages=\"1\" data-listing-source=\"posts\" data-listing-id=\"925\" data-query-id=\"\"><div class=\"jet-listing-grid__item jet-listing-dynamic-post-318\" data-post-id=\"318\"  ><style type=\"text\/css\">.jet-listing-dynamic-post-318 .elementor-element.elementor-element-714ecbc:not(.elementor-motion-effects-element-type-background), .jet-listing-dynamic-post-318 .elementor-element.elementor-element-714ecbc > .elementor-motion-effects-container > .elementor-motion-effects-layer{background-image:url(\"https:\/\/healthandyouth.hu\/wp-content\/uploads\/2022\/01\/promo-2-1.jpg\");}<\/style>\t\t<div data-elementor-type=\"jet-listing-items\" data-elementor-id=\"925\" class=\"elementor elementor-925\" data-elementor-post-type=\"jet-engine\">\n\t\t\t\t\t\t<section class=\"elementor-section elementor-top-section elementor-element elementor-element-714ecbc a-prdct-scn elementor-section-boxed elementor-section-height-default elementor-section-height-default\" data-id=\"714ecbc\" data-element_type=\"section\" data-e-type=\"section\" data-settings=\"{&quot;background_background&quot;:&quot;classic&quot;}\">\n\t\t\t\t\t\t<div class=\"elementor-container elementor-column-gap-default\">\n\t\t\t\t\t<div class=\"elementor-column elementor-col-33 elementor-top-column elementor-element elementor-element-aba8df5\" data-id=\"aba8df5\" data-element_type=\"column\" data-e-type=\"column\">\n\t\t\t<div class=\"elementor-widget-wrap\">\n\t\t\t\t\t\t\t<\/div>\n\t\t<\/div>\n\t\t\t\t<div class=\"elementor-column elementor-col-33 elementor-top-column elementor-element elementor-element-9e2c934\" data-id=\"9e2c934\" data-element_type=\"column\" data-e-type=\"column\">\n\t\t\t<div class=\"elementor-widget-wrap elementor-element-populated\">\n\t\t\t\t\t\t<div class=\"elementor-element elementor-element-aea5246 elementor-widget elementor-widget-image\" data-id=\"aea5246\" data-element_type=\"widget\" data-e-type=\"widget\" data-widget_type=\"image.default\">\n\t\t\t\t<div class=\"elementor-widget-container\">\n\t\t\t\t\t\t\t\t\t\t\t\t\t\t\t<img fetchpriority=\"high\" decoding=\"async\" width=\"800\" height=\"800\" src=\"https:\/\/healthandyouth.hu\/wp-content\/uploads\/2022\/01\/dropi-1-1024x1024.png\" class=\"attachment-large size-large wp-image-2783\" alt=\"\" srcset=\"https:\/\/healthandyouth.hu\/wp-content\/uploads\/2022\/01\/dropi-1-1024x1024.png 1024w, https:\/\/healthandyouth.hu\/wp-content\/uploads\/2022\/01\/dropi-1-300x300.png 300w, https:\/\/healthandyouth.hu\/wp-content\/uploads\/2022\/01\/dropi-1-150x150.png 150w, https:\/\/healthandyouth.hu\/wp-content\/uploads\/2022\/01\/dropi-1-768x768.png 768w, https:\/\/healthandyouth.hu\/wp-content\/uploads\/2022\/01\/dropi-1-600x600.png 600w, https:\/\/healthandyouth.hu\/wp-content\/uploads\/2022\/01\/dropi-1-100x100.png 100w, https:\/\/healthandyouth.hu\/wp-content\/uploads\/2022\/01\/dropi-1.png 1080w\" sizes=\"(max-width: 800px) 100vw, 800px\" \/>\t\t\t\t\t\t\t\t\t\t\t\t\t\t\t<\/div>\n\t\t\t\t<\/div>\n\t\t\t\t\t<\/div>\n\t\t<\/div>\n\t\t\t\t<div class=\"elementor-column elementor-col-33 elementor-top-column elementor-element elementor-element-1b76044\" data-id=\"1b76044\" data-element_type=\"column\" data-e-type=\"column\">\n\t\t\t<div class=\"elementor-widget-wrap elementor-element-populated\">\n\t\t\t\t\t\t<div class=\"elementor-element elementor-element-56cfe3b elementor-widget elementor-widget-heading\" data-id=\"56cfe3b\" data-element_type=\"widget\" data-e-type=\"widget\" data-widget_type=\"heading.default\">\n\t\t\t\t<div class=\"elementor-widget-container\">\n\t\t\t\t\t<h2 class=\"elementor-heading-title elementor-size-default\"><a href=\"https:\/\/healthandyouth.hu\/de\/termek\/dropi-tiszta-izlandi-extra-szuz-tokehalmaj-olaj-kapszula-500-mg-etrend-kiegeszito-180-db\/\">Dropi Tiszta Izlandi Extra Sz\u0171z T\u0151kehalm\u00e1j Olaj kapszula 500 mg<\/a><\/h2>\t\t\t\t<\/div>\n\t\t\t\t<\/div>\n\t\t\t\t<div class=\"elementor-element elementor-element-7b28e27 elementor-widget elementor-widget-jet-woo-builder-archive-product-price\" data-id=\"7b28e27\" data-element_type=\"widget\" data-e-type=\"widget\" data-widget_type=\"jet-woo-builder-archive-product-price.default\">\n\t\t\t\t<div class=\"elementor-widget-container\">\n\t\t\t\t\t<div class=\"jet-woo-builder-archive-product-price\"><div class=\"jet-woo-product-price\"><span class=\"woocs_price_code\" data-currency=\"\" data-redraw-id=\"69e145d68ed2e\" data-product-id=\"318\"><span class=\"woocommerce-Price-amount amount\">25 000<span class=\"woocommerce-Price-currencySymbol\">&#070;&#116;<\/span><\/span><\/span><\/div><\/div>\t\t\t\t<\/div>\n\t\t\t\t<\/div>\n\t\t\t\t<div class=\"elementor-element elementor-element-e88f56e elementor-widget elementor-widget-text-editor\" data-id=\"e88f56e\" data-element_type=\"widget\" data-e-type=\"widget\" data-widget_type=\"text-editor.default\">\n\t\t\t\t<div class=\"elementor-widget-container\">\n\t\t\t\t\t\t\t\t\tDropi term\u00e9szetes omega -3 zs\u00edrsavak forr\u00e1sa, friss, vad \u00e9szaki sarki t\u0151kehal m\u00e1j\u00e1b\u00f3l k\u00e9sz\u00fcl. (Gadus Morhua) A t\u0151kehalm\u00e1j term\u00e9szetes A-, \u00e9s D-vitaminokban is gazdag.\t\t\t\t\t\t\t\t<\/div>\n\t\t\t\t<\/div>\n\t\t\t\t<div class=\"elementor-element elementor-element-685e65b a-cta elementor-widget__width-auto elementor-widget elementor-widget-jet-woo-builder-archive-add-to-cart\" data-id=\"685e65b\" data-element_type=\"widget\" data-e-type=\"widget\" data-widget_type=\"jet-woo-builder-archive-add-to-cart.default\">\n\t\t\t\t<div class=\"elementor-widget-container\">\n\t\t\t\t\t<div class=\"elementor-jet-woo-builder-archive-add-to-cart jet-woo-builder\"><div class=\"jet-woo-builder-archive-add-to-cart\"><a href=\"https:\/\/healthandyouth.hu\/de\/termek\/dropi-tiszta-izlandi-extra-szuz-tokehalmaj-olaj-kapszula-500-mg-etrend-kiegeszito-180-db\/\" aria-describedby=\"woocommerce_loop_add_to_cart_link_describedby_318\" data-quantity=\"1\" class=\"button product_type_simple\" data-product_id=\"318\" data-product_sku=\"\" aria-label=\"Lese mehr \u00fcber &#8222;Dropi Tiszta Izlandi Extra Sz\u0171z T\u0151kehalm\u00e1j Olaj kapszula 500 mg&#8220;\" rel=\"nofollow\">Weiterlesen<\/a>\t<span id=\"woocommerce_loop_add_to_cart_link_describedby_318\" class=\"screen-reader-text\">\n\t\t\t<\/span>\n<\/div><\/div>\t\t\t\t<\/div>\n\t\t\t\t<\/div>\n\t\t\t\t\t<\/div>\n\t\t<\/div>\n\t\t\t\t\t<\/div>\n\t\t<\/section>\n\t\t\t\t<\/div>\n\t\t<\/div><\/div><\/div>\t\t\t\t<\/div>\n\t\t\t\t<\/div>\n\t\t\t\t\t<\/div>\n\t\t<\/div>\n\t\t\t\t\t<\/div>\n\t\t<\/section>\n\t\t\t\t<\/div>\n\t\t","protected":false},"excerpt":{"rendered":"<p>Kos\u00e1r 22 860,00&#70;&#116; %%jet-woo-builder-archive-add-to-cart::show_quantity=&#8221;&#8221;::&#038;&#038;jet_woo_builder_cart_popup=&#8221;&#8221;::&#038;&#038;jet_woo_builder_cart_popup_template=&#8221;&#8221;%%<\/p>","protected":false},"author":2,"featured_media":0,"parent":0,"menu_order":0,"comment_status":"closed","ping_status":"closed","template":"","meta":{"footnotes":""},"class_list":["post-30","page","type-page","status-publish","hentry"],"_links":{"self":[{"href":"https:\/\/healthandyouth.hu\/de\/wp-json\/wp\/v2\/pages\/30","targetHints":{"allow":["GET"]}}],"collection":[{"href":"https:\/\/healthandyouth.hu\/de\/wp-json\/wp\/v2\/pages"}],"about":[{"href":"https:\/\/healthandyouth.hu\/de\/wp-json\/wp\/v2\/types\/page"}],"author":[{"embeddable":true,"href":"https:\/\/healthandyouth.hu\/de\/wp-json\/wp\/v2\/users\/2"}],"replies":[{"embeddable":true,"href":"https:\/\/healthandyouth.hu\/de\/wp-json\/wp\/v2\/comments?post=30"}],"version-history":[{"count":0,"href":"https:\/\/healthandyouth.hu\/de\/wp-json\/wp\/v2\/pages\/30\/revisions"}],"wp:attachment":[{"href":"https:\/\/healthandyouth.hu\/de\/wp-json\/wp\/v2\/media?parent=30"}],"curies":[{"name":"wp","href":"https:\/\/api.w.org\/{rel}","templated":true}]}}